{"id":3066,"date":"2026-04-21T08:39:12","date_gmt":"2026-04-21T06:39:12","guid":{"rendered":"https:\/\/www.drevo-prkenka.cz\/?post_type=product&#038;p=3066"},"modified":"2026-05-07T19:42:35","modified_gmt":"2026-05-07T17:42:35","slug":"exkluzivni-miska-vlastni-design","status":"publish","type":"product","link":"https:\/\/www.drevo-prkenka.cz\/?product=exkluzivni-miska-vlastni-design","title":{"rendered":"Exkluzivn\u00ed miska- vlastn\u00ed design"},"content":{"rendered":"<p>\ud83e\udd70P\u0159edstavujeme v\u00e1m na\u0161\u00ed misku exkluzivku z jasanu<br \/>\n\ud83c\udf40Miska je d\u011blan\u00e1 ru\u010dn\u011b, tak\u017ee i kdy\u017e bude druh\u00e1 takov\u00e1, nikdy nebude \u00fapln\u011b stejn\u00e1, jeliko\u017e nen\u00ed d\u011blan\u00e1 podle \u0161ablony, ale podle ruky \u2665\ufe0f<br \/>\n\u2665\ufe0fJe n\u00e1dhern\u011b mramorov\u011b \u017e\u00edhan\u00e1<br \/>\n\ud83d\udccf38x23x6cm<\/p>\n<p>N\u00e1\u0161 vlastn\u00ed design<\/p>\n","protected":false},"excerpt":{"rendered":"<p>\ud83e\udd70P\u0159edstavujeme v\u00e1m na\u0161\u00ed misku exkluzivku z jasanu \ud83c\udf40Miska je d\u011blan\u00e1 ru\u010dn\u011b, tak\u017ee i kdy\u017e bude druh\u00e1 takov\u00e1, nikdy nebude \u00fapln\u011b stejn\u00e1, jeliko\u017e nen\u00ed d\u011blan\u00e1 podle \u0161ablony, ale podle ruky \u2665\ufe0f \u2665\ufe0fJe n\u00e1dhern\u011b mramorov\u011b \u017e\u00edhan\u00e1 \ud83d\udccf38x23x6cm N\u00e1\u0161 vlastn\u00ed design<\/p>\n","protected":false},"featured_media":3067,"comment_status":"open","ping_status":"closed","template":"","meta":[],"product_brand":[],"product_cat":[51],"product_tag":[],"class_list":{"0":"post-3066","1":"product","2":"type-product","3":"status-publish","4":"has-post-thumbnail","6":"product_cat-misky","8":"first","9":"instock","10":"shipping-taxable","11":"purchasable","12":"product-type-simple"},"jetpack_sharing_enabled":true,"_links":{"self":[{"href":"https:\/\/www.drevo-prkenka.cz\/index.php?rest_route=\/wp\/v2\/product\/3066","targetHints":{"allow":["GET"]}}],"collection":[{"href":"https:\/\/www.drevo-prkenka.cz\/index.php?rest_route=\/wp\/v2\/product"}],"about":[{"href":"https:\/\/www.drevo-prkenka.cz\/index.php?rest_route=\/wp\/v2\/types\/product"}],"replies":[{"embeddable":true,"href":"https:\/\/www.drevo-prkenka.cz\/index.php?rest_route=%2Fwp%2Fv2%2Fcomments&post=3066"}],"wp:featuredmedia":[{"embeddable":true,"href":"https:\/\/www.drevo-prkenka.cz\/index.php?rest_route=\/wp\/v2\/media\/3067"}],"wp:attachment":[{"href":"https:\/\/www.drevo-prkenka.cz\/index.php?rest_route=%2Fwp%2Fv2%2Fmedia&parent=3066"}],"wp:term":[{"taxonomy":"product_brand","embeddable":true,"href":"https:\/\/www.drevo-prkenka.cz\/index.php?rest_route=%2Fwp%2Fv2%2Fproduct_brand&post=3066"},{"taxonomy":"product_cat","embeddable":true,"href":"https:\/\/www.drevo-prkenka.cz\/index.php?rest_route=%2Fwp%2Fv2%2Fproduct_cat&post=3066"},{"taxonomy":"product_tag","embeddable":true,"href":"https:\/\/www.drevo-prkenka.cz\/index.php?rest_route=%2Fwp%2Fv2%2Fproduct_tag&post=3066"}],"curies":[{"name":"wp","href":"https:\/\/api.w.org\/{rel}","templated":true}]}}