{"id":3061,"date":"2026-04-16T16:44:09","date_gmt":"2026-04-16T14:44:09","guid":{"rendered":"https:\/\/www.drevo-prkenka.cz\/?post_type=product&#038;p=3061"},"modified":"2026-04-20T12:31:00","modified_gmt":"2026-04-20T10:31:00","slug":"orechova-miska-dvojka","status":"publish","type":"product","link":"https:\/\/www.drevo-prkenka.cz\/?product=orechova-miska-dvojka","title":{"rendered":"O\u0159echov\u00e1 miska-dvojka"},"content":{"rendered":"<p>\u2665\ufe0fO\u0159echov\u00e1 serv\u00edrovac\u00ed miska-25x15x4,5cm<\/p>\n<p>\u2728Elegantn\u00ed a praktick\u00e1 miska z kvalitn\u00edho o\u0159echov\u00e9ho d\u0159eva, kter\u00e1 zaujme nejen sv\u00fdm p\u0159\u00edrodn\u00edm vzhledem, ale i promy\u0161len\u00fdm designem.<\/p>\n<p>\ud83c\udf40Je ide\u00e1ln\u00ed pro serv\u00edrov\u00e1n\u00ed o\u0159\u00ed\u0161k\u016f, su\u0161en\u00e9ho ovoce, dobrot k v\u00ednu nebo drobn\u00fdch pochutin \u2013 v\u0161e p\u0159ehledn\u011b odd\u011blen\u00e9 a kr\u00e1sn\u011b naserv\u00edrovan\u00e9.<\/p>\n<p>Ka\u017ed\u00e1 miska je ru\u010dn\u011b vyr\u00e1b\u011bn\u00e1, a proto je origin\u00e1l.<\/p>\n<p>\ud83c\udf30Kresba o\u0159echov\u00e9ho d\u0159eva dod\u00e1v\u00e1 ka\u017ed\u00e9mu kusu jedine\u010dn\u00fd charakter a p\u0159irozenou eleganci, kter\u00e1 se hod\u00ed do ka\u017ed\u00e9ho interi\u00e9ru.<\/p>\n<p>Vlastnosti:<\/p>\n<p>materi\u00e1l: o\u0159echov\u00e9 d\u0159evo<\/p>\n<p>ru\u010dn\u00ed v\u00fdroba<\/p>\n<p>origin\u00e1ln\u00ed \u010dlen\u011bn\u00fd design<\/p>\n<p>o\u0161et\u0159eno pro styk s potravinami<\/p>\n<p>Vyu\u017eit\u00ed: Perfektn\u00ed na serv\u00edrov\u00e1n\u00ed o\u0159\u00ed\u0161k\u016f, snack\u016f, cukrov\u00ed nebo jako stylov\u00fd dopln\u011bk na st\u016fl.<\/p>\n<p>Dop\u0159ejte si kousek p\u0159\u00edrody u v\u00e1s doma nebo pot\u011b\u0161te n\u011bkoho origin\u00e1ln\u00edm d\u00e1rkem.<\/p>\n","protected":false},"excerpt":{"rendered":"<p>\u2665\ufe0fO\u0159echov\u00e1 serv\u00edrovac\u00ed miska-25x15x4,5cm \u2728Elegantn\u00ed a praktick\u00e1 miska z kvalitn\u00edho o\u0159echov\u00e9ho d\u0159eva, kter\u00e1 zaujme nejen sv\u00fdm p\u0159\u00edrodn\u00edm vzhledem, ale i promy\u0161len\u00fdm designem. \ud83c\udf40Je ide\u00e1ln\u00ed pro serv\u00edrov\u00e1n\u00ed o\u0159\u00ed\u0161k\u016f, su\u0161en\u00e9ho ovoce, dobrot k v\u00ednu nebo drobn\u00fdch pochutin \u2013 v\u0161e p\u0159ehledn\u011b odd\u011blen\u00e9 a kr\u00e1sn\u011b naserv\u00edrovan\u00e9. Ka\u017ed\u00e1 miska je ru\u010dn\u011b vyr\u00e1b\u011bn\u00e1, a proto je origin\u00e1l. \ud83c\udf30Kresba o\u0159echov\u00e9ho d\u0159eva dod\u00e1v\u00e1 ka\u017ed\u00e9mu kusu jedine\u010dn\u00fd charakter a p\u0159irozenou eleganci, kter\u00e1 se hod\u00ed do ka\u017ed\u00e9ho interi\u00e9ru. Vlastnosti: materi\u00e1l: o\u0159echov\u00e9 d\u0159evo ru\u010dn\u00ed v\u00fdroba origin\u00e1ln\u00ed \u010dlen\u011bn\u00fd design o\u0161et\u0159eno pro styk s potravinami Vyu\u017eit\u00ed: Perfektn\u00ed na serv\u00edrov\u00e1n\u00ed o\u0159\u00ed\u0161k\u016f, snack\u016f, cukrov\u00ed nebo jako stylov\u00fd dopln\u011bk na st\u016fl. Dop\u0159ejte si kousek p\u0159\u00edrody u v\u00e1s doma nebo pot\u011b\u0161te n\u011bkoho origin\u00e1ln\u00edm d\u00e1rkem.<\/p>\n","protected":false},"featured_media":3062,"comment_status":"open","ping_status":"closed","template":"","meta":[],"product_brand":[],"product_cat":[51],"product_tag":[],"class_list":{"0":"post-3061","1":"product","2":"type-product","3":"status-publish","4":"has-post-thumbnail","6":"product_cat-misky","8":"first","9":"instock","10":"shipping-taxable","11":"purchasable","12":"product-type-simple"},"jetpack_sharing_enabled":true,"_links":{"self":[{"href":"https:\/\/www.drevo-prkenka.cz\/index.php?rest_route=\/wp\/v2\/product\/3061","targetHints":{"allow":["GET"]}}],"collection":[{"href":"https:\/\/www.drevo-prkenka.cz\/index.php?rest_route=\/wp\/v2\/product"}],"about":[{"href":"https:\/\/www.drevo-prkenka.cz\/index.php?rest_route=\/wp\/v2\/types\/product"}],"replies":[{"embeddable":true,"href":"https:\/\/www.drevo-prkenka.cz\/index.php?rest_route=%2Fwp%2Fv2%2Fcomments&post=3061"}],"wp:featuredmedia":[{"embeddable":true,"href":"https:\/\/www.drevo-prkenka.cz\/index.php?rest_route=\/wp\/v2\/media\/3062"}],"wp:attachment":[{"href":"https:\/\/www.drevo-prkenka.cz\/index.php?rest_route=%2Fwp%2Fv2%2Fmedia&parent=3061"}],"wp:term":[{"taxonomy":"product_brand","embeddable":true,"href":"https:\/\/www.drevo-prkenka.cz\/index.php?rest_route=%2Fwp%2Fv2%2Fproduct_brand&post=3061"},{"taxonomy":"product_cat","embeddable":true,"href":"https:\/\/www.drevo-prkenka.cz\/index.php?rest_route=%2Fwp%2Fv2%2Fproduct_cat&post=3061"},{"taxonomy":"product_tag","embeddable":true,"href":"https:\/\/www.drevo-prkenka.cz\/index.php?rest_route=%2Fwp%2Fv2%2Fproduct_tag&post=3061"}],"curies":[{"name":"wp","href":"https:\/\/api.w.org\/{rel}","templated":true}]}}