{"id":3057,"date":"2026-04-16T16:39:53","date_gmt":"2026-04-16T14:39:53","guid":{"rendered":"https:\/\/www.drevo-prkenka.cz\/?post_type=product&#038;p=3057"},"modified":"2026-04-16T16:39:54","modified_gmt":"2026-04-16T14:39:54","slug":"orechova-miska","status":"publish","type":"product","link":"https:\/\/www.drevo-prkenka.cz\/?product=orechova-miska","title":{"rendered":"O\u0159echov\u00e1 miska"},"content":{"rendered":"<p>\u2728 O\u0159echov\u00e1 miska s du\u0161\u00ed p\u0159\u00edrody \u2728<\/p>\n<p>Ru\u010dn\u011b vyroben\u00e1 miska z kvalitn\u00edho o\u0159echov\u00e9ho d\u0159eva o pr\u016fm\u011bru 20 cm zaujme na prvn\u00ed pohled sv\u00fdm origin\u00e1ln\u00edm \u010dlen\u011bn\u00edm. D\u00edky praktick\u00fdm p\u0159ihr\u00e1dk\u00e1m a st\u0159edov\u00e9 \u010d\u00e1sti je ide\u00e1ln\u00ed na serv\u00edrov\u00e1n\u00ed o\u0159\u00ed\u0161k\u016f, ovoce, dip\u016f nebo drobn\u00e9ho ob\u010derstven\u00ed.<\/p>\n<p>Ka\u017ed\u00fd kus je jedine\u010dn\u00fd \u2013 kresba d\u0159eva, odst\u00edny i detaily d\u011blaj\u00ed z t\u00e9to misky mal\u00fd origin\u00e1l, kter\u00fd vnese do va\u0161eho domova kousek p\u0159\u00edrody. \ud83c\udf3f<\/p>\n<p>\u2714\ufe0f pr\u016fm\u011br 20 cm<\/p>\n<p>\u2714\ufe0f kvalitn\u00ed o\u0159echov\u00e9 d\u0159evo<\/p>\n<p>\u2714\ufe0f ru\u010dn\u00ed pr\u00e1ce<\/p>\n<p>\u2714\ufe0f praktick\u00e9 \u010dlen\u011bn\u00ed<\/p>\n<p>Skv\u011bl\u00e1 jako stylov\u00fd dopln\u011bk na st\u016fl nebo origin\u00e1ln\u00ed d\u00e1rek \ud83c\udf81<\/p>\n","protected":false},"excerpt":{"rendered":"<p>\u2728 O\u0159echov\u00e1 miska s du\u0161\u00ed p\u0159\u00edrody \u2728 Ru\u010dn\u011b vyroben\u00e1 miska z kvalitn\u00edho o\u0159echov\u00e9ho d\u0159eva o pr\u016fm\u011bru 20 cm zaujme na prvn\u00ed pohled sv\u00fdm origin\u00e1ln\u00edm \u010dlen\u011bn\u00edm. D\u00edky praktick\u00fdm p\u0159ihr\u00e1dk\u00e1m a st\u0159edov\u00e9 \u010d\u00e1sti je ide\u00e1ln\u00ed na serv\u00edrov\u00e1n\u00ed o\u0159\u00ed\u0161k\u016f, ovoce, dip\u016f nebo drobn\u00e9ho ob\u010derstven\u00ed. Ka\u017ed\u00fd kus je jedine\u010dn\u00fd \u2013 kresba d\u0159eva, odst\u00edny i detaily d\u011blaj\u00ed z t\u00e9to misky mal\u00fd origin\u00e1l, kter\u00fd vnese do va\u0161eho domova kousek p\u0159\u00edrody. \ud83c\udf3f \u2714\ufe0f pr\u016fm\u011br 20 cm \u2714\ufe0f kvalitn\u00ed o\u0159echov\u00e9 d\u0159evo \u2714\ufe0f ru\u010dn\u00ed pr\u00e1ce \u2714\ufe0f praktick\u00e9 \u010dlen\u011bn\u00ed Skv\u011bl\u00e1 jako stylov\u00fd dopln\u011bk na st\u016fl nebo origin\u00e1ln\u00ed d\u00e1rek \ud83c\udf81<\/p>\n","protected":false},"featured_media":3058,"comment_status":"open","ping_status":"closed","template":"","meta":[],"product_brand":[],"product_cat":[51],"product_tag":[],"class_list":{"0":"post-3057","1":"product","2":"type-product","3":"status-publish","4":"has-post-thumbnail","6":"product_cat-misky","8":"first","9":"instock","10":"shipping-taxable","11":"purchasable","12":"product-type-simple"},"jetpack_sharing_enabled":true,"_links":{"self":[{"href":"https:\/\/www.drevo-prkenka.cz\/index.php?rest_route=\/wp\/v2\/product\/3057","targetHints":{"allow":["GET"]}}],"collection":[{"href":"https:\/\/www.drevo-prkenka.cz\/index.php?rest_route=\/wp\/v2\/product"}],"about":[{"href":"https:\/\/www.drevo-prkenka.cz\/index.php?rest_route=\/wp\/v2\/types\/product"}],"replies":[{"embeddable":true,"href":"https:\/\/www.drevo-prkenka.cz\/index.php?rest_route=%2Fwp%2Fv2%2Fcomments&post=3057"}],"wp:featuredmedia":[{"embeddable":true,"href":"https:\/\/www.drevo-prkenka.cz\/index.php?rest_route=\/wp\/v2\/media\/3058"}],"wp:attachment":[{"href":"https:\/\/www.drevo-prkenka.cz\/index.php?rest_route=%2Fwp%2Fv2%2Fmedia&parent=3057"}],"wp:term":[{"taxonomy":"product_brand","embeddable":true,"href":"https:\/\/www.drevo-prkenka.cz\/index.php?rest_route=%2Fwp%2Fv2%2Fproduct_brand&post=3057"},{"taxonomy":"product_cat","embeddable":true,"href":"https:\/\/www.drevo-prkenka.cz\/index.php?rest_route=%2Fwp%2Fv2%2Fproduct_cat&post=3057"},{"taxonomy":"product_tag","embeddable":true,"href":"https:\/\/www.drevo-prkenka.cz\/index.php?rest_route=%2Fwp%2Fv2%2Fproduct_tag&post=3057"}],"curies":[{"name":"wp","href":"https:\/\/api.w.org\/{rel}","templated":true}]}}