{"id":3053,"date":"2026-04-03T11:16:13","date_gmt":"2026-04-03T09:16:13","guid":{"rendered":"https:\/\/www.drevo-prkenka.cz\/?post_type=product&#038;p=3053"},"modified":"2026-04-20T12:32:01","modified_gmt":"2026-04-20T10:32:01","slug":"prkno-strom-zivota","status":"publish","type":"product","link":"https:\/\/www.drevo-prkenka.cz\/?product=prkno-strom-zivota","title":{"rendered":"Prkno Strom \u017eivota"},"content":{"rendered":"<p>\ud83c\udf40Dubov\u00e9 prkno lepen\u00e9 z v\u00edce kus\u016f<\/p>\n<p>\ud83c\udf40Rozm\u011br: 38x26x5cm tak\u017ee po\u0159\u00e1dn\u00fd vysok\u00fd \u0161palek \ud83d\ude09<\/p>\n<p>\ud83c\udf40Vygrav\u00edrov\u00e1n strom \u017eivota \ud83c\udf33\ud83e\udebe<\/p>\n<p>\ud83c\udf40O\u0161et\u0159eno kvalitn\u00edm OSMO olejem pro styk s potravinami \u2665\ufe0f<\/p>\n<p>&nbsp;<\/p>\n","protected":false},"excerpt":{"rendered":"<p>\ud83c\udf40Dubov\u00e9 prkno lepen\u00e9 z v\u00edce kus\u016f \ud83c\udf40Rozm\u011br: 38x26x5cm tak\u017ee po\u0159\u00e1dn\u00fd vysok\u00fd \u0161palek \ud83d\ude09 \ud83c\udf40Vygrav\u00edrov\u00e1n strom \u017eivota \ud83c\udf33\ud83e\udebe \ud83c\udf40O\u0161et\u0159eno kvalitn\u00edm OSMO olejem pro styk s potravinami \u2665\ufe0f &nbsp;<\/p>\n","protected":false},"featured_media":3054,"comment_status":"open","ping_status":"closed","template":"","meta":[],"product_brand":[],"product_cat":[46],"product_tag":[],"class_list":{"0":"post-3053","1":"product","2":"type-product","3":"status-publish","4":"has-post-thumbnail","6":"product_cat-prkenka","8":"first","9":"instock","10":"shipping-taxable","11":"purchasable","12":"product-type-simple"},"jetpack_sharing_enabled":true,"_links":{"self":[{"href":"https:\/\/www.drevo-prkenka.cz\/index.php?rest_route=\/wp\/v2\/product\/3053","targetHints":{"allow":["GET"]}}],"collection":[{"href":"https:\/\/www.drevo-prkenka.cz\/index.php?rest_route=\/wp\/v2\/product"}],"about":[{"href":"https:\/\/www.drevo-prkenka.cz\/index.php?rest_route=\/wp\/v2\/types\/product"}],"replies":[{"embeddable":true,"href":"https:\/\/www.drevo-prkenka.cz\/index.php?rest_route=%2Fwp%2Fv2%2Fcomments&post=3053"}],"wp:featuredmedia":[{"embeddable":true,"href":"https:\/\/www.drevo-prkenka.cz\/index.php?rest_route=\/wp\/v2\/media\/3054"}],"wp:attachment":[{"href":"https:\/\/www.drevo-prkenka.cz\/index.php?rest_route=%2Fwp%2Fv2%2Fmedia&parent=3053"}],"wp:term":[{"taxonomy":"product_brand","embeddable":true,"href":"https:\/\/www.drevo-prkenka.cz\/index.php?rest_route=%2Fwp%2Fv2%2Fproduct_brand&post=3053"},{"taxonomy":"product_cat","embeddable":true,"href":"https:\/\/www.drevo-prkenka.cz\/index.php?rest_route=%2Fwp%2Fv2%2Fproduct_cat&post=3053"},{"taxonomy":"product_tag","embeddable":true,"href":"https:\/\/www.drevo-prkenka.cz\/index.php?rest_route=%2Fwp%2Fv2%2Fproduct_tag&post=3053"}],"curies":[{"name":"wp","href":"https:\/\/api.w.org\/{rel}","templated":true}]}}