{"id":3048,"date":"2026-03-26T10:09:02","date_gmt":"2026-03-26T09:09:02","guid":{"rendered":"https:\/\/www.drevo-prkenka.cz\/?post_type=product&#038;p=3048"},"modified":"2026-04-20T12:31:36","modified_gmt":"2026-04-20T10:31:36","slug":"prkenko-tetris","status":"publish","type":"product","link":"https:\/\/www.drevo-prkenka.cz\/?product=prkenko-tetris","title":{"rendered":"Prk\u00e9nko ,,Tetris&#8220;"},"content":{"rendered":"<p>Stylov\u00e9 serv\u00edrovac\u00ed prk\u00e9nko z masivn\u00edho dubu a o\u0159echu, kter\u00e9 zaujme na prvn\u00ed pohled sv\u00fdm origin\u00e1ln\u00edm vzorem. Ka\u017ed\u00fd kus je ru\u010dn\u011b vyroben\u00fd, a d\u00edky kombinaci sv\u011btl\u00e9ho dubu a tmav\u00e9ho o\u0159echu p\u016fsob\u00ed elegantn\u011b a nad\u010dasov\u011b.<\/p>\n<p>Perfektn\u00ed nejen na kr\u00e1jen\u00ed, ale i jako designov\u00fd kousek pro serv\u00edrov\u00e1n\u00ed s\u00fdr\u016f, uzenin nebo drobn\u00e9ho poho\u0161t\u011bn\u00ed. D\u00edky kvalitn\u00edmu zpracov\u00e1n\u00ed a pe\u010dliv\u00e9mu brou\u0161en\u00ed je prk\u00e9nko p\u0159\u00edjemn\u00e9 na dotek a p\u0159ipraven\u00e9 na ka\u017edodenn\u00ed pou\u017e\u00edv\u00e1n\u00ed.<\/p>\n<p>\u2728 P\u0159\u00edrodn\u00ed materi\u00e1l<\/p>\n<p>\u2728 Origin\u00e1ln\u00ed vzhled<\/p>\n<p>\u2728 Ru\u010dn\u00ed v\u00fdroba<\/p>\n<p>\u2728 Ka\u017ed\u00fd kus je jedine\u010dn\u00fd<\/p>\n<p>Skv\u011bl\u00e9 i jako d\u00e1rek pro milovn\u00edky poctiv\u00e9ho d\u0159eva \u2764\ufe0f<\/p>\n<p>36x28x2,5cm<\/p>\n","protected":false},"excerpt":{"rendered":"<p>Stylov\u00e9 serv\u00edrovac\u00ed prk\u00e9nko z masivn\u00edho dubu a o\u0159echu, kter\u00e9 zaujme na prvn\u00ed pohled sv\u00fdm origin\u00e1ln\u00edm vzorem. Ka\u017ed\u00fd kus je ru\u010dn\u011b vyroben\u00fd, a d\u00edky kombinaci sv\u011btl\u00e9ho dubu a tmav\u00e9ho o\u0159echu p\u016fsob\u00ed elegantn\u011b a nad\u010dasov\u011b. Perfektn\u00ed nejen na kr\u00e1jen\u00ed, ale i jako designov\u00fd kousek pro serv\u00edrov\u00e1n\u00ed s\u00fdr\u016f, uzenin nebo drobn\u00e9ho poho\u0161t\u011bn\u00ed. D\u00edky kvalitn\u00edmu zpracov\u00e1n\u00ed a pe\u010dliv\u00e9mu brou\u0161en\u00ed je prk\u00e9nko p\u0159\u00edjemn\u00e9 na dotek a p\u0159ipraven\u00e9 na ka\u017edodenn\u00ed pou\u017e\u00edv\u00e1n\u00ed. \u2728 P\u0159\u00edrodn\u00ed materi\u00e1l \u2728 Origin\u00e1ln\u00ed vzhled \u2728 Ru\u010dn\u00ed v\u00fdroba \u2728 Ka\u017ed\u00fd kus je jedine\u010dn\u00fd Skv\u011bl\u00e9 i jako d\u00e1rek pro milovn\u00edky poctiv\u00e9ho d\u0159eva \u2764\ufe0f 36x28x2,5cm<\/p>\n","protected":false},"featured_media":3050,"comment_status":"open","ping_status":"closed","template":"","meta":[],"product_brand":[],"product_cat":[46],"product_tag":[],"class_list":{"0":"post-3048","1":"product","2":"type-product","3":"status-publish","4":"has-post-thumbnail","6":"product_cat-prkenka","8":"first","9":"instock","10":"shipping-taxable","11":"purchasable","12":"product-type-simple"},"jetpack_sharing_enabled":true,"_links":{"self":[{"href":"https:\/\/www.drevo-prkenka.cz\/index.php?rest_route=\/wp\/v2\/product\/3048","targetHints":{"allow":["GET"]}}],"collection":[{"href":"https:\/\/www.drevo-prkenka.cz\/index.php?rest_route=\/wp\/v2\/product"}],"about":[{"href":"https:\/\/www.drevo-prkenka.cz\/index.php?rest_route=\/wp\/v2\/types\/product"}],"replies":[{"embeddable":true,"href":"https:\/\/www.drevo-prkenka.cz\/index.php?rest_route=%2Fwp%2Fv2%2Fcomments&post=3048"}],"wp:featuredmedia":[{"embeddable":true,"href":"https:\/\/www.drevo-prkenka.cz\/index.php?rest_route=\/wp\/v2\/media\/3050"}],"wp:attachment":[{"href":"https:\/\/www.drevo-prkenka.cz\/index.php?rest_route=%2Fwp%2Fv2%2Fmedia&parent=3048"}],"wp:term":[{"taxonomy":"product_brand","embeddable":true,"href":"https:\/\/www.drevo-prkenka.cz\/index.php?rest_route=%2Fwp%2Fv2%2Fproduct_brand&post=3048"},{"taxonomy":"product_cat","embeddable":true,"href":"https:\/\/www.drevo-prkenka.cz\/index.php?rest_route=%2Fwp%2Fv2%2Fproduct_cat&post=3048"},{"taxonomy":"product_tag","embeddable":true,"href":"https:\/\/www.drevo-prkenka.cz\/index.php?rest_route=%2Fwp%2Fv2%2Fproduct_tag&post=3048"}],"curies":[{"name":"wp","href":"https:\/\/api.w.org\/{rel}","templated":true}]}}