{"id":3037,"date":"2026-03-23T11:51:32","date_gmt":"2026-03-23T10:51:32","guid":{"rendered":"https:\/\/www.drevo-prkenka.cz\/?post_type=product&#038;p=3037"},"modified":"2026-04-11T00:31:17","modified_gmt":"2026-04-10T22:31:17","slug":"orechove-srdickove-prkenko","status":"publish","type":"product","link":"https:\/\/www.drevo-prkenka.cz\/?product=orechove-srdickove-prkenko","title":{"rendered":"O\u0159echov\u00e9 srd\u00ed\u010dkov\u00e9 prk\u00e9nko"},"content":{"rendered":"<p>Jemnost p\u0159\u00edrody v ka\u017ed\u00e9m detailu \ud83c\udf38<\/p>\n<p>Ru\u010dn\u011b vyr\u00e1b\u011bn\u00e9 prk\u00e9nko z masivu s l\u00e1skou k \u0159emeslu \u2013 ide\u00e1ln\u00ed pro serv\u00edrov\u00e1n\u00ed i jako kr\u00e1sn\u00e1 dekorace do va\u0161eho domova.<\/p>\n<p>Ka\u017ed\u00fd kus je origin\u00e1l, stejn\u011b jako chv\u00edle, kter\u00e9 u n\u011bj str\u00e1v\u00edte \ud83d\udc9b<\/p>\n<p>58x16x2,5cm<\/p>\n<p>O\u0159ech \u2665\ufe0f<\/p>\n","protected":false},"excerpt":{"rendered":"<p>Jemnost p\u0159\u00edrody v ka\u017ed\u00e9m detailu \ud83c\udf38 Ru\u010dn\u011b vyr\u00e1b\u011bn\u00e9 prk\u00e9nko z masivu s l\u00e1skou k \u0159emeslu \u2013 ide\u00e1ln\u00ed pro serv\u00edrov\u00e1n\u00ed i jako kr\u00e1sn\u00e1 dekorace do va\u0161eho domova. Ka\u017ed\u00fd kus je origin\u00e1l, stejn\u011b jako chv\u00edle, kter\u00e9 u n\u011bj str\u00e1v\u00edte \ud83d\udc9b 58x16x2,5cm O\u0159ech \u2665\ufe0f<\/p>\n","protected":false},"featured_media":3038,"comment_status":"open","ping_status":"closed","template":"","meta":[],"product_brand":[],"product_cat":[46],"product_tag":[],"class_list":{"0":"post-3037","1":"product","2":"type-product","3":"status-publish","4":"has-post-thumbnail","6":"product_cat-prkenka","8":"first","9":"instock","10":"shipping-taxable","11":"purchasable","12":"product-type-simple"},"jetpack_sharing_enabled":true,"_links":{"self":[{"href":"https:\/\/www.drevo-prkenka.cz\/index.php?rest_route=\/wp\/v2\/product\/3037","targetHints":{"allow":["GET"]}}],"collection":[{"href":"https:\/\/www.drevo-prkenka.cz\/index.php?rest_route=\/wp\/v2\/product"}],"about":[{"href":"https:\/\/www.drevo-prkenka.cz\/index.php?rest_route=\/wp\/v2\/types\/product"}],"replies":[{"embeddable":true,"href":"https:\/\/www.drevo-prkenka.cz\/index.php?rest_route=%2Fwp%2Fv2%2Fcomments&post=3037"}],"wp:featuredmedia":[{"embeddable":true,"href":"https:\/\/www.drevo-prkenka.cz\/index.php?rest_route=\/wp\/v2\/media\/3038"}],"wp:attachment":[{"href":"https:\/\/www.drevo-prkenka.cz\/index.php?rest_route=%2Fwp%2Fv2%2Fmedia&parent=3037"}],"wp:term":[{"taxonomy":"product_brand","embeddable":true,"href":"https:\/\/www.drevo-prkenka.cz\/index.php?rest_route=%2Fwp%2Fv2%2Fproduct_brand&post=3037"},{"taxonomy":"product_cat","embeddable":true,"href":"https:\/\/www.drevo-prkenka.cz\/index.php?rest_route=%2Fwp%2Fv2%2Fproduct_cat&post=3037"},{"taxonomy":"product_tag","embeddable":true,"href":"https:\/\/www.drevo-prkenka.cz\/index.php?rest_route=%2Fwp%2Fv2%2Fproduct_tag&post=3037"}],"curies":[{"name":"wp","href":"https:\/\/api.w.org\/{rel}","templated":true}]}}