{"id":2880,"date":"2025-10-02T08:20:30","date_gmt":"2025-10-02T06:20:30","guid":{"rendered":"https:\/\/www.drevo-prkenka.cz\/?post_type=product&#038;p=2880"},"modified":"2025-11-30T19:12:20","modified_gmt":"2025-11-30T18:12:20","slug":"dubove-prkenko-s-tlapkou","status":"publish","type":"product","link":"https:\/\/www.drevo-prkenka.cz\/?product=dubove-prkenko-s-tlapkou","title":{"rendered":"Dubov\u00e9 prk\u00e9nko s tlapkou"},"content":{"rendered":"<p>\u2764\ufe0fDubov\u00e9 prk\u00e9nko s tlapkou z o\u0159echu<\/p>\n<p>Rozm\u011br: 31x21cm<\/p>\n<p>O\u0161et\u0159eno OSMO olejem pro styk s potravinami \ud83c\udf40<\/p>\n","protected":false},"excerpt":{"rendered":"<p>\u2764\ufe0fDubov\u00e9 prk\u00e9nko s tlapkou z o\u0159echu Rozm\u011br: 31x21cm O\u0161et\u0159eno OSMO olejem pro styk s potravinami \ud83c\udf40<\/p>\n","protected":false},"featured_media":2881,"comment_status":"open","ping_status":"closed","template":"","meta":[],"product_brand":[],"product_cat":[46],"product_tag":[],"class_list":{"0":"post-2880","1":"product","2":"type-product","3":"status-publish","4":"has-post-thumbnail","6":"product_cat-prkenka","8":"first","9":"onbackorder","10":"shipping-taxable","11":"purchasable","12":"product-type-simple"},"jetpack_sharing_enabled":true,"_links":{"self":[{"href":"https:\/\/www.drevo-prkenka.cz\/index.php?rest_route=\/wp\/v2\/product\/2880","targetHints":{"allow":["GET"]}}],"collection":[{"href":"https:\/\/www.drevo-prkenka.cz\/index.php?rest_route=\/wp\/v2\/product"}],"about":[{"href":"https:\/\/www.drevo-prkenka.cz\/index.php?rest_route=\/wp\/v2\/types\/product"}],"replies":[{"embeddable":true,"href":"https:\/\/www.drevo-prkenka.cz\/index.php?rest_route=%2Fwp%2Fv2%2Fcomments&post=2880"}],"wp:featuredmedia":[{"embeddable":true,"href":"https:\/\/www.drevo-prkenka.cz\/index.php?rest_route=\/wp\/v2\/media\/2881"}],"wp:attachment":[{"href":"https:\/\/www.drevo-prkenka.cz\/index.php?rest_route=%2Fwp%2Fv2%2Fmedia&parent=2880"}],"wp:term":[{"taxonomy":"product_brand","embeddable":true,"href":"https:\/\/www.drevo-prkenka.cz\/index.php?rest_route=%2Fwp%2Fv2%2Fproduct_brand&post=2880"},{"taxonomy":"product_cat","embeddable":true,"href":"https:\/\/www.drevo-prkenka.cz\/index.php?rest_route=%2Fwp%2Fv2%2Fproduct_cat&post=2880"},{"taxonomy":"product_tag","embeddable":true,"href":"https:\/\/www.drevo-prkenka.cz\/index.php?rest_route=%2Fwp%2Fv2%2Fproduct_tag&post=2880"}],"curies":[{"name":"wp","href":"https:\/\/api.w.org\/{rel}","templated":true}]}}