{"id":2865,"date":"2025-09-13T15:31:32","date_gmt":"2025-09-13T13:31:32","guid":{"rendered":"https:\/\/www.drevo-prkenka.cz\/?post_type=product&#038;p=2865"},"modified":"2025-11-11T10:37:38","modified_gmt":"2025-11-11T09:37:38","slug":"dreveny-stromecek-s-vanocni-kouli","status":"publish","type":"product","link":"https:\/\/www.drevo-prkenka.cz\/?product=dreveny-stromecek-s-vanocni-kouli","title":{"rendered":"D\u0159ev\u011bn\u00fd strome\u010dek s v\u00e1no\u010dn\u00ed koul\u00ed"},"content":{"rendered":"<p>\ud83d\udc99D\u0159ev\u011bn\u00fd strome\u010dek na podstavci s v\u00fd\u0159ezem pro zav\u011b\u0161en\u00ed ozdoby.<\/p>\n<p>\ud83d\udc9bKr\u00e1sn\u00e1 ru\u010dn\u00ed pr\u00e1ce s efektem opalovan\u00e9ho d\u0159eva dod\u00e1 va\u0161emu domovu kouzelnou v\u00e1no\u010dn\u00ed atmosf\u00e9ru.<\/p>\n<p>\ud83c\udf40Sou\u010d\u00e1st\u00ed je v\u00e1no\u010dn\u00ed koule, kterou m\u016f\u017eete snadno nahradit jinou ozdobou dle vlastn\u00edho stylu. Barevn\u00e9 varianty jsou n\u00e1hodn\u00e9 dle skladov\u00e9 dostupnosti<\/p>\n<p>\ud83d\udc93Origin\u00e1ln\u00ed dekorace vhodn\u00e1 na st\u016fl, poli\u010dku \u010di pod v\u00e1no\u010dn\u00ed stromek.<\/p>\n<p>&nbsp;<\/p>\n<p>\ud83d\udc49 Rozm\u011bry: cca 24 \u00d7 20cm<\/p>\n<p>\ud83d\udc49 Materi\u00e1l: smrk, opalovan\u00fd povrch<\/p>\n<p>\ud83d\udc49 Ka\u017ed\u00fd kus je origin\u00e1l<\/p>\n","protected":false},"excerpt":{"rendered":"<p>\ud83d\udc99D\u0159ev\u011bn\u00fd strome\u010dek na podstavci s v\u00fd\u0159ezem pro zav\u011b\u0161en\u00ed ozdoby. \ud83d\udc9bKr\u00e1sn\u00e1 ru\u010dn\u00ed pr\u00e1ce s efektem opalovan\u00e9ho d\u0159eva dod\u00e1 va\u0161emu domovu kouzelnou v\u00e1no\u010dn\u00ed atmosf\u00e9ru. \ud83c\udf40Sou\u010d\u00e1st\u00ed je v\u00e1no\u010dn\u00ed koule, kterou m\u016f\u017eete snadno nahradit jinou ozdobou dle vlastn\u00edho stylu. Barevn\u00e9 varianty jsou n\u00e1hodn\u00e9 dle skladov\u00e9 dostupnosti \ud83d\udc93Origin\u00e1ln\u00ed dekorace vhodn\u00e1 na st\u016fl, poli\u010dku \u010di pod v\u00e1no\u010dn\u00ed stromek. &nbsp; \ud83d\udc49 Rozm\u011bry: cca 24 \u00d7 20cm \ud83d\udc49 Materi\u00e1l: smrk, opalovan\u00fd povrch \ud83d\udc49 Ka\u017ed\u00fd kus je origin\u00e1l<\/p>\n","protected":false},"featured_media":2968,"comment_status":"open","ping_status":"closed","template":"","meta":[],"product_brand":[],"product_cat":[50],"product_tag":[],"class_list":{"0":"post-2865","1":"product","2":"type-product","3":"status-publish","4":"has-post-thumbnail","6":"product_cat-dekorace","8":"first","9":"instock","10":"shipping-taxable","11":"purchasable","12":"product-type-simple"},"jetpack_sharing_enabled":true,"_links":{"self":[{"href":"https:\/\/www.drevo-prkenka.cz\/index.php?rest_route=\/wp\/v2\/product\/2865","targetHints":{"allow":["GET"]}}],"collection":[{"href":"https:\/\/www.drevo-prkenka.cz\/index.php?rest_route=\/wp\/v2\/product"}],"about":[{"href":"https:\/\/www.drevo-prkenka.cz\/index.php?rest_route=\/wp\/v2\/types\/product"}],"replies":[{"embeddable":true,"href":"https:\/\/www.drevo-prkenka.cz\/index.php?rest_route=%2Fwp%2Fv2%2Fcomments&post=2865"}],"wp:featuredmedia":[{"embeddable":true,"href":"https:\/\/www.drevo-prkenka.cz\/index.php?rest_route=\/wp\/v2\/media\/2968"}],"wp:attachment":[{"href":"https:\/\/www.drevo-prkenka.cz\/index.php?rest_route=%2Fwp%2Fv2%2Fmedia&parent=2865"}],"wp:term":[{"taxonomy":"product_brand","embeddable":true,"href":"https:\/\/www.drevo-prkenka.cz\/index.php?rest_route=%2Fwp%2Fv2%2Fproduct_brand&post=2865"},{"taxonomy":"product_cat","embeddable":true,"href":"https:\/\/www.drevo-prkenka.cz\/index.php?rest_route=%2Fwp%2Fv2%2Fproduct_cat&post=2865"},{"taxonomy":"product_tag","embeddable":true,"href":"https:\/\/www.drevo-prkenka.cz\/index.php?rest_route=%2Fwp%2Fv2%2Fproduct_tag&post=2865"}],"curies":[{"name":"wp","href":"https:\/\/api.w.org\/{rel}","templated":true}]}}