{"id":2754,"date":"2025-07-30T13:00:08","date_gmt":"2025-07-30T11:00:08","guid":{"rendered":"https:\/\/www.drevo-prkenka.cz\/?post_type=product&#038;p=2754"},"modified":"2026-03-23T12:12:38","modified_gmt":"2026-03-23T11:12:38","slug":"orechove-prkenko","status":"publish","type":"product","link":"https:\/\/www.drevo-prkenka.cz\/?product=orechove-prkenko","title":{"rendered":"O\u0159echov\u00e9 prk\u00e9nko"},"content":{"rendered":"<p><!--more-->Prkenko z o\u0159echu, rozm\u011br 60x14x2cm<\/p>\n","protected":false},"excerpt":{"rendered":"","protected":false},"featured_media":0,"comment_status":"open","ping_status":"closed","template":"","meta":[],"product_brand":[],"product_cat":[46],"product_tag":[],"class_list":{"0":"post-2754","1":"product","2":"type-product","3":"status-publish","5":"product_cat-prkenka","7":"first","8":"instock","9":"sale","10":"shipping-taxable","11":"purchasable","12":"product-type-simple"},"jetpack_sharing_enabled":true,"_links":{"self":[{"href":"https:\/\/www.drevo-prkenka.cz\/index.php?rest_route=\/wp\/v2\/product\/2754","targetHints":{"allow":["GET"]}}],"collection":[{"href":"https:\/\/www.drevo-prkenka.cz\/index.php?rest_route=\/wp\/v2\/product"}],"about":[{"href":"https:\/\/www.drevo-prkenka.cz\/index.php?rest_route=\/wp\/v2\/types\/product"}],"replies":[{"embeddable":true,"href":"https:\/\/www.drevo-prkenka.cz\/index.php?rest_route=%2Fwp%2Fv2%2Fcomments&post=2754"}],"wp:attachment":[{"href":"https:\/\/www.drevo-prkenka.cz\/index.php?rest_route=%2Fwp%2Fv2%2Fmedia&parent=2754"}],"wp:term":[{"taxonomy":"product_brand","embeddable":true,"href":"https:\/\/www.drevo-prkenka.cz\/index.php?rest_route=%2Fwp%2Fv2%2Fproduct_brand&post=2754"},{"taxonomy":"product_cat","embeddable":true,"href":"https:\/\/www.drevo-prkenka.cz\/index.php?rest_route=%2Fwp%2Fv2%2Fproduct_cat&post=2754"},{"taxonomy":"product_tag","embeddable":true,"href":"https:\/\/www.drevo-prkenka.cz\/index.php?rest_route=%2Fwp%2Fv2%2Fproduct_tag&post=2754"}],"curies":[{"name":"wp","href":"https:\/\/api.w.org\/{rel}","templated":true}]}}