{"id":2557,"date":"2025-02-05T16:43:29","date_gmt":"2025-02-05T15:43:29","guid":{"rendered":"https:\/\/www.drevo-prkenka.cz\/?post_type=product&#038;p=2557"},"modified":"2025-09-10T01:27:22","modified_gmt":"2025-09-09T23:27:22","slug":"prkenko-obdelnikove-cerveny-dub-wenge-habr","status":"publish","type":"product","link":"https:\/\/www.drevo-prkenka.cz\/?product=prkenko-obdelnikove-cerveny-dub-wenge-habr","title":{"rendered":"Prk\u00e9nko obd\u00e9ln\u00edkov\u00e9- \u010derven\u00fd dub\/wenge\/habr"},"content":{"rendered":"<blockquote><p>\ud83e\udeb5\ud83d\udc9bToto luxusn\u00ed d\u0159ev\u011bn\u00e9 prk\u00e9nko je vyrobeno z kvalitn\u00edho \u010derven\u00e9ho dubu, dopln\u011bn\u00e9ho kontrastn\u00edmi prou\u017eky exotick\u00e9ho wenge a sv\u011btl\u00e9ho habru. D\u00edky pe\u010dliv\u00e9mu ru\u010dn\u00edmu zpracov\u00e1n\u00ed vynik\u00e1 svou jedine\u010dnou kresbou d\u0159eva a odolnost\u00ed.<\/p>\n<p>&nbsp;<\/p>\n<p>&nbsp;<\/p>\n<p>&nbsp;<\/p>\n<p>&nbsp;<\/p>\n<p>\u2705 Rozm\u011bry: 51 \u00d7 17 \u00d7 2 cm<\/p>\n<p>&nbsp;<\/p>\n<p>\u2705 Materi\u00e1l: \u010derven\u00fd dub, wenge, habr<\/p>\n<p>&nbsp;<\/p>\n<p>\u2705 Vlastnosti: pevn\u00e9, odoln\u00e9, s kr\u00e1sn\u00fdm designem<\/p>\n<p>&nbsp;<\/p>\n<p>\u2705 Vyu\u017eit\u00ed: serv\u00edrov\u00e1n\u00ed, kr\u00e1jen\u00ed, dekorace<\/p>\n<p>&nbsp;<\/p>\n<p>&nbsp;<\/p>\n<p>&nbsp;<\/p>\n<p>&nbsp;<\/p>\n<p>O\u0161et\u0159eno p\u0159\u00edrodn\u00edm olejem pro del\u0161\u00ed \u017eivotnost a bezpe\u010dnost p\u0159i styku s potravinami. Ide\u00e1ln\u00ed jako stylov\u00fd dopln\u011bk do kuchyn\u011b nebo origin\u00e1ln\u00ed d\u00e1rek pro milovn\u00edky kvalitn\u00edch d\u0159ev\u011bn\u00fdch v\u00fdrobk\u016f.<\/p><\/blockquote>\n","protected":false},"excerpt":{"rendered":"<p>\ud83e\udeb5\ud83d\udc9bToto luxusn\u00ed d\u0159ev\u011bn\u00e9 prk\u00e9nko je vyrobeno z kvalitn\u00edho \u010derven\u00e9ho dubu, dopln\u011bn\u00e9ho kontrastn\u00edmi prou\u017eky exotick\u00e9ho wenge a sv\u011btl\u00e9ho habru. D\u00edky pe\u010dliv\u00e9mu ru\u010dn\u00edmu zpracov\u00e1n\u00ed vynik\u00e1 svou jedine\u010dnou kresbou d\u0159eva a odolnost\u00ed.<\/p>\n<p>&nbsp;<\/p>\n<p>\u2705 Rozm\u011bry: 51 \u00d7 17 \u00d7 2 cm<\/p>\n<p>\u2705 Materi\u00e1l: \u010derven\u00fd dub, wenge, habr<\/p>\n<p>\u2705 Vlastnosti: pevn\u00e9, odoln\u00e9, s kr\u00e1sn\u00fdm designem<\/p>\n<p>\u2705 Vyu\u017eit\u00ed: serv\u00edrov\u00e1n\u00ed, kr\u00e1jen\u00ed, dekorace<\/p>\n<p>&nbsp;<\/p>\n<p>O\u0161et\u0159eno p\u0159\u00edrodn\u00edm olejem pro del\u0161\u00ed \u017eivotnost a bezpe\u010dnost p\u0159i styku s potravinami. Ide\u00e1ln\u00ed jako stylov\u00fd dopln\u011bk do kuchyn\u011b nebo origin\u00e1ln\u00ed d\u00e1rek pro milovn\u00edky kvalitn\u00edch d\u0159ev\u011bn\u00fdch v\u00fdrobk\u016f.<\/p>\n","protected":false},"featured_media":2558,"comment_status":"open","ping_status":"closed","template":"","meta":[],"product_brand":[],"product_cat":[46],"product_tag":[],"class_list":{"0":"post-2557","1":"product","2":"type-product","3":"status-publish","4":"has-post-thumbnail","6":"product_cat-prkenka","8":"first","9":"instock","10":"sale","11":"shipping-taxable","12":"purchasable","13":"product-type-simple"},"jetpack_sharing_enabled":true,"_links":{"self":[{"href":"https:\/\/www.drevo-prkenka.cz\/index.php?rest_route=\/wp\/v2\/product\/2557","targetHints":{"allow":["GET"]}}],"collection":[{"href":"https:\/\/www.drevo-prkenka.cz\/index.php?rest_route=\/wp\/v2\/product"}],"about":[{"href":"https:\/\/www.drevo-prkenka.cz\/index.php?rest_route=\/wp\/v2\/types\/product"}],"replies":[{"embeddable":true,"href":"https:\/\/www.drevo-prkenka.cz\/index.php?rest_route=%2Fwp%2Fv2%2Fcomments&post=2557"}],"wp:featuredmedia":[{"embeddable":true,"href":"https:\/\/www.drevo-prkenka.cz\/index.php?rest_route=\/wp\/v2\/media\/2558"}],"wp:attachment":[{"href":"https:\/\/www.drevo-prkenka.cz\/index.php?rest_route=%2Fwp%2Fv2%2Fmedia&parent=2557"}],"wp:term":[{"taxonomy":"product_brand","embeddable":true,"href":"https:\/\/www.drevo-prkenka.cz\/index.php?rest_route=%2Fwp%2Fv2%2Fproduct_brand&post=2557"},{"taxonomy":"product_cat","embeddable":true,"href":"https:\/\/www.drevo-prkenka.cz\/index.php?rest_route=%2Fwp%2Fv2%2Fproduct_cat&post=2557"},{"taxonomy":"product_tag","embeddable":true,"href":"https:\/\/www.drevo-prkenka.cz\/index.php?rest_route=%2Fwp%2Fv2%2Fproduct_tag&post=2557"}],"curies":[{"name":"wp","href":"https:\/\/api.w.org\/{rel}","templated":true}]}}