{"id":2464,"date":"2024-12-13T19:18:05","date_gmt":"2024-12-13T18:18:05","guid":{"rendered":"https:\/\/www.drevo-prkenka.cz\/?post_type=product&#038;p=2464"},"modified":"2025-10-04T08:39:14","modified_gmt":"2025-10-04T06:39:14","slug":"maceta-spicka","status":"publish","type":"product","link":"https:\/\/www.drevo-prkenka.cz\/?product=maceta-spicka","title":{"rendered":"Ma\u010deta \u0161pi\u010dka"},"content":{"rendered":"<p><span class=\"html-span xexx8yu x4uap5 x18d9i69 xkhd6sd x1hl2dhg x16tdsg8 x1vvkbs x3nfvp2 x1j61x8r x1fcty0u xdj266r xat24cr xgzva0m xhhsvwb xxymvpz xlup9mm x1kky2od\"><img decoding=\"async\" class=\"xz74otr\" src=\"https:\/\/static.xx.fbcdn.net\/images\/emoji.php\/v9\/tfc\/1\/16\/1f44d.png\" alt=\"\ud83d\udc4d\" width=\"16\" height=\"16\" \/><\/span>Objevte eleganci a funk\u010dnost v jednom.\u00a0<span class=\"html-span xexx8yu x4uap5 x18d9i69 xkhd6sd x1hl2dhg x16tdsg8 x1vvkbs x3nfvp2 x1j61x8r x1fcty0u xdj266r xat24cr xgzva0m xhhsvwb xxymvpz xlup9mm x1kky2od\"><img decoding=\"async\" class=\"xz74otr\" src=\"https:\/\/static.xx.fbcdn.net\/images\/emoji.php\/v9\/t1a\/1\/16\/1f33b.png\" alt=\"\ud83c\udf3b\" width=\"16\" height=\"16\" \/><\/span>Vyrobeno z kvalitn\u00edho \u010dern\u00e9ho o\u0159echu, toto prk\u00e9nko je nejen stylov\u00e9, ale tak\u00e9 praktick\u00e9.<br class=\"html-br\" \/><span class=\"html-span xexx8yu x4uap5 x18d9i69 xkhd6sd x1hl2dhg x16tdsg8 x1vvkbs x3nfvp2 x1j61x8r x1fcty0u xdj266r xat24cr xgzva0m xhhsvwb xxymvpz xlup9mm x1kky2od\"><img decoding=\"async\" class=\"xz74otr\" src=\"https:\/\/static.xx.fbcdn.net\/images\/emoji.php\/v9\/t84\/1\/16\/1f381.png\" alt=\"\ud83c\udf81\" width=\"16\" height=\"16\" \/><\/span>Ide\u00e1ln\u00ed pro serv\u00edrov\u00e1n\u00ed s\u00fdr\u016f, sal\u00e1m\u016f, zeleniny a dal\u0161\u00edch delikates.<br class=\"html-br\" \/><span class=\"html-span xexx8yu x4uap5 x18d9i69 xkhd6sd x1hl2dhg x16tdsg8 x1vvkbs x3nfvp2 x1j61x8r x1fcty0u xdj266r xat24cr xgzva0m xhhsvwb xxymvpz xlup9mm x1kky2od\"><img loading=\"lazy\" decoding=\"async\" class=\"xz74otr\" src=\"https:\/\/static.xx.fbcdn.net\/images\/emoji.php\/v9\/t3\/1\/16\/1f380.png\" alt=\"\ud83c\udf80\" width=\"16\" height=\"16\" \/><\/span>Elegantn\u00ed vzhled: Dod\u00e1 va\u0161\u00ed kuchyni \u010di j\u00eddeln\u00edmu stolu luxusn\u00ed n\u00e1dech<br class=\"html-br\" \/><span class=\"html-span xexx8yu x4uap5 x18d9i69 xkhd6sd x1hl2dhg x16tdsg8 x1vvkbs x3nfvp2 x1j61x8r x1fcty0u xdj266r xat24cr xgzva0m xhhsvwb xxymvpz xlup9mm x1kky2od\"><img loading=\"lazy\" decoding=\"async\" class=\"xz74otr\" src=\"https:\/\/static.xx.fbcdn.net\/images\/emoji.php\/v9\/tb4\/1\/16\/1f38a.png\" alt=\"\ud83c\udf8a\" width=\"16\" height=\"16\" \/><\/span>Praktick\u00e1 velikost: Ide\u00e1ln\u00ed pro serv\u00edrov\u00e1n\u00ed a prezentaci pokrm\u016f<br class=\"html-br\" \/><span class=\"html-span xexx8yu x4uap5 x18d9i69 xkhd6sd x1hl2dhg x16tdsg8 x1vvkbs x3nfvp2 x1j61x8r x1fcty0u xdj266r xat24cr xgzva0m xhhsvwb xxymvpz xlup9mm x1kky2od\"><img loading=\"lazy\" decoding=\"async\" class=\"xz74otr\" src=\"https:\/\/static.xx.fbcdn.net\/images\/emoji.php\/v9\/t84\/1\/16\/1f9e8.png\" alt=\"\ud83e\udde8\" width=\"16\" height=\"16\" \/><\/span>Kvalitn\u00ed zpracov\u00e1n\u00ed: Odoln\u00fd a trvanliv\u00fd materi\u00e1l zaru\u010duje dlouhou \u017eivotnost<br class=\"html-br\" \/><span class=\"html-span xexx8yu x4uap5 x18d9i69 xkhd6sd x1hl2dhg x16tdsg8 x1vvkbs x3nfvp2 x1j61x8r x1fcty0u xdj266r xat24cr xgzva0m xhhsvwb xxymvpz xlup9mm x1kky2od\"><img loading=\"lazy\" decoding=\"async\" class=\"xz74otr\" src=\"https:\/\/static.xx.fbcdn.net\/images\/emoji.php\/v9\/t94\/1\/16\/1f947.png\" alt=\"\ud83e\udd47\" width=\"16\" height=\"16\" \/><\/span>Zaujm\u011bte sv\u00e9 hosty a dodejte sv\u00fdm serv\u00edrovac\u00edm ritu\u00e1l\u016fm \u0161mrnc.<\/p>\n<p>60x15x2cm<\/p>\n","protected":false},"excerpt":{"rendered":"<p>Objevte eleganci a funk\u010dnost v jednom.\u00a0Vyrobeno z kvalitn\u00edho \u010dern\u00e9ho o\u0159echu, toto prk\u00e9nko je nejen stylov\u00e9, ale tak\u00e9 praktick\u00e9.Ide\u00e1ln\u00ed pro serv\u00edrov\u00e1n\u00ed s\u00fdr\u016f, sal\u00e1m\u016f, zeleniny a dal\u0161\u00edch delikates.Elegantn\u00ed vzhled: Dod\u00e1 va\u0161\u00ed kuchyni \u010di j\u00eddeln\u00edmu stolu luxusn\u00ed n\u00e1dechPraktick\u00e1 velikost: Ide\u00e1ln\u00ed pro serv\u00edrov\u00e1n\u00ed a prezentaci pokrm\u016fKvalitn\u00ed zpracov\u00e1n\u00ed: Odoln\u00fd a trvanliv\u00fd materi\u00e1l zaru\u010duje dlouhou \u017eivotnostZaujm\u011bte sv\u00e9 hosty a dodejte sv\u00fdm serv\u00edrovac\u00edm ritu\u00e1l\u016fm \u0161mrnc. 60x15x2cm<\/p>\n","protected":false},"featured_media":2465,"comment_status":"open","ping_status":"closed","template":"","meta":[],"product_brand":[],"product_cat":[46],"product_tag":[],"class_list":{"0":"post-2464","1":"product","2":"type-product","3":"status-publish","4":"has-post-thumbnail","6":"product_cat-prkenka","8":"first","9":"instock","10":"sale","11":"shipping-taxable","12":"purchasable","13":"product-type-simple"},"jetpack_sharing_enabled":true,"_links":{"self":[{"href":"https:\/\/www.drevo-prkenka.cz\/index.php?rest_route=\/wp\/v2\/product\/2464","targetHints":{"allow":["GET"]}}],"collection":[{"href":"https:\/\/www.drevo-prkenka.cz\/index.php?rest_route=\/wp\/v2\/product"}],"about":[{"href":"https:\/\/www.drevo-prkenka.cz\/index.php?rest_route=\/wp\/v2\/types\/product"}],"replies":[{"embeddable":true,"href":"https:\/\/www.drevo-prkenka.cz\/index.php?rest_route=%2Fwp%2Fv2%2Fcomments&post=2464"}],"wp:featuredmedia":[{"embeddable":true,"href":"https:\/\/www.drevo-prkenka.cz\/index.php?rest_route=\/wp\/v2\/media\/2465"}],"wp:attachment":[{"href":"https:\/\/www.drevo-prkenka.cz\/index.php?rest_route=%2Fwp%2Fv2%2Fmedia&parent=2464"}],"wp:term":[{"taxonomy":"product_brand","embeddable":true,"href":"https:\/\/www.drevo-prkenka.cz\/index.php?rest_route=%2Fwp%2Fv2%2Fproduct_brand&post=2464"},{"taxonomy":"product_cat","embeddable":true,"href":"https:\/\/www.drevo-prkenka.cz\/index.php?rest_route=%2Fwp%2Fv2%2Fproduct_cat&post=2464"},{"taxonomy":"product_tag","embeddable":true,"href":"https:\/\/www.drevo-prkenka.cz\/index.php?rest_route=%2Fwp%2Fv2%2Fproduct_tag&post=2464"}],"curies":[{"name":"wp","href":"https:\/\/api.w.org\/{rel}","templated":true}]}}