{"id":2414,"date":"2024-12-13T18:44:08","date_gmt":"2024-12-13T17:44:08","guid":{"rendered":"https:\/\/www.drevo-prkenka.cz\/?post_type=product&#038;p=2414"},"modified":"2025-09-10T01:21:12","modified_gmt":"2025-09-09T23:21:12","slug":"dub-ruzove-tlapicky","status":"publish","type":"product","link":"https:\/\/www.drevo-prkenka.cz\/?product=dub-ruzove-tlapicky","title":{"rendered":"Dub- r\u016f\u017eov\u00e9 tlapi\u010dky"},"content":{"rendered":"<div dir=\"auto\" style=\"text-align: left;\"><span class=\"html-span xexx8yu x4uap5 x18d9i69 xkhd6sd x1hl2dhg x16tdsg8 x1vvkbs x3nfvp2 x1j61x8r x1fcty0u xdj266r xat24cr xgzva0m xhhsvwb xxymvpz xlup9mm x1kky2od\"><img decoding=\"async\" class=\"xz74otr\" src=\"https:\/\/static.xx.fbcdn.net\/images\/emoji.php\/v9\/tde\/1\/16\/1f43e.png\" alt=\"\ud83d\udc3e\" width=\"16\" height=\"16\" \/><\/span>Dubov\u00e9 prk\u00e9nko s r\u016f\u017eov\u00fdmi tlapi\u010dkami<\/div>\n<div dir=\"auto\"><span class=\"html-span xexx8yu x4uap5 x18d9i69 xkhd6sd x1hl2dhg x16tdsg8 x1vvkbs x3nfvp2 x1j61x8r x1fcty0u xdj266r xat24cr xgzva0m xhhsvwb xxymvpz xlup9mm x1kky2od\"><img decoding=\"async\" class=\"xz74otr\" src=\"https:\/\/static.xx.fbcdn.net\/images\/emoji.php\/v9\/t2\/1\/16\/1f60d.png\" alt=\"\ud83d\ude0d\" width=\"16\" height=\"16\" \/><\/span>Origin\u00e1ln\u00ed ru\u010dn\u011b vyr\u00e1b\u011bn\u00e9 prk\u00e9nko z kvalitn\u00edho dubov\u00e9ho d\u0159eva s dekorac\u00ed z r\u016f\u017eov\u00e9 prysky\u0159ice.<\/div>\n<div dir=\"auto\"><span class=\"html-span xexx8yu x4uap5 x18d9i69 xkhd6sd x1hl2dhg x16tdsg8 x1vvkbs x3nfvp2 x1j61x8r x1fcty0u xdj266r xat24cr xgzva0m xhhsvwb xxymvpz xlup9mm x1kky2od\"><img decoding=\"async\" class=\"xz74otr\" src=\"https:\/\/static.xx.fbcdn.net\/images\/emoji.php\/v9\/t6a\/1\/16\/1f497.png\" alt=\"\ud83d\udc97\" width=\"16\" height=\"16\" \/><\/span>Vhodn\u00e9 na kr\u00e1jen\u00ed, serv\u00edrov\u00e1n\u00ed i jako stylov\u00e1 dekorace.<\/div>\n<div dir=\"auto\">Rozm\u011br: 60x23x2cm<\/div>\n<div dir=\"auto\"><span class=\"html-span xexx8yu x4uap5 x18d9i69 xkhd6sd x1hl2dhg x16tdsg8 x1vvkbs x3nfvp2 x1j61x8r x1fcty0u xdj266r xat24cr xgzva0m xhhsvwb xxymvpz xlup9mm x1kky2od\"><img loading=\"lazy\" decoding=\"async\" class=\"xz74otr\" src=\"https:\/\/static.xx.fbcdn.net\/images\/emoji.php\/v9\/t84\/1\/16\/1f381.png\" alt=\"\ud83c\udf81\" width=\"16\" height=\"16\" \/><\/span>Ka\u017ed\u00fd kus je jedine\u010dn\u00fd \u2013 skv\u011bl\u00fd d\u00e1rek nebo praktick\u00fd dopln\u011bk do kuchyn\u011b!<\/div>\n","protected":false},"excerpt":{"rendered":"<p>Dubov\u00e9 prk\u00e9nko s r\u016f\u017eov\u00fdmi tlapi\u010dkami Origin\u00e1ln\u00ed ru\u010dn\u011b vyr\u00e1b\u011bn\u00e9 prk\u00e9nko z kvalitn\u00edho dubov\u00e9ho d\u0159eva s dekorac\u00ed z r\u016f\u017eov\u00e9 prysky\u0159ice. Vhodn\u00e9 na kr\u00e1jen\u00ed, serv\u00edrov\u00e1n\u00ed i jako stylov\u00e1 dekorace. Rozm\u011br: 60x23x2cm Ka\u017ed\u00fd kus je jedine\u010dn\u00fd \u2013 skv\u011bl\u00fd d\u00e1rek nebo praktick\u00fd dopln\u011bk do kuchyn\u011b!<\/p>\n","protected":false},"featured_media":2415,"comment_status":"open","ping_status":"closed","template":"","meta":[],"product_brand":[],"product_cat":[46,48],"product_tag":[],"class_list":{"0":"post-2414","1":"product","2":"type-product","3":"status-publish","4":"has-post-thumbnail","6":"product_cat-prkenka","7":"product_cat-pryskyrice","9":"first","10":"instock","11":"sale","12":"shipping-taxable","13":"purchasable","14":"product-type-simple"},"jetpack_sharing_enabled":true,"_links":{"self":[{"href":"https:\/\/www.drevo-prkenka.cz\/index.php?rest_route=\/wp\/v2\/product\/2414","targetHints":{"allow":["GET"]}}],"collection":[{"href":"https:\/\/www.drevo-prkenka.cz\/index.php?rest_route=\/wp\/v2\/product"}],"about":[{"href":"https:\/\/www.drevo-prkenka.cz\/index.php?rest_route=\/wp\/v2\/types\/product"}],"replies":[{"embeddable":true,"href":"https:\/\/www.drevo-prkenka.cz\/index.php?rest_route=%2Fwp%2Fv2%2Fcomments&post=2414"}],"wp:featuredmedia":[{"embeddable":true,"href":"https:\/\/www.drevo-prkenka.cz\/index.php?rest_route=\/wp\/v2\/media\/2415"}],"wp:attachment":[{"href":"https:\/\/www.drevo-prkenka.cz\/index.php?rest_route=%2Fwp%2Fv2%2Fmedia&parent=2414"}],"wp:term":[{"taxonomy":"product_brand","embeddable":true,"href":"https:\/\/www.drevo-prkenka.cz\/index.php?rest_route=%2Fwp%2Fv2%2Fproduct_brand&post=2414"},{"taxonomy":"product_cat","embeddable":true,"href":"https:\/\/www.drevo-prkenka.cz\/index.php?rest_route=%2Fwp%2Fv2%2Fproduct_cat&post=2414"},{"taxonomy":"product_tag","embeddable":true,"href":"https:\/\/www.drevo-prkenka.cz\/index.php?rest_route=%2Fwp%2Fv2%2Fproduct_tag&post=2414"}],"curies":[{"name":"wp","href":"https:\/\/api.w.org\/{rel}","templated":true}]}}