{"id":2412,"date":"2024-12-13T18:42:33","date_gmt":"2024-12-13T17:42:33","guid":{"rendered":"https:\/\/www.drevo-prkenka.cz\/?post_type=product&#038;p=2412"},"modified":"2025-09-10T01:20:18","modified_gmt":"2025-09-09T23:20:18","slug":"dub-kozacka-s-cervenymi-tlapkami","status":"publish","type":"product","link":"https:\/\/www.drevo-prkenka.cz\/?product=dub-kozacka-s-cervenymi-tlapkami","title":{"rendered":"Dub- koza\u010dka s \u010derven\u00fdmi tlapkami"},"content":{"rendered":"<div dir=\"auto\"><span class=\"html-span xexx8yu x4uap5 x18d9i69 xkhd6sd x1hl2dhg x16tdsg8 x1vvkbs x3nfvp2 x1j61x8r x1fcty0u xdj266r xat24cr xgzva0m xhhsvwb xxymvpz xlup9mm x1kky2od\"><img decoding=\"async\" class=\"xz74otr\" src=\"https:\/\/static.xx.fbcdn.net\/images\/emoji.php\/v9\/t4c\/1\/16\/1fab5.png\" alt=\"\ud83e\udeb5\" width=\"16\" height=\"16\" \/><\/span><span class=\"html-span xexx8yu x4uap5 x18d9i69 xkhd6sd x1hl2dhg x16tdsg8 x1vvkbs x3nfvp2 x1j61x8r x1fcty0u xdj266r xat24cr xgzva0m xhhsvwb xxymvpz xlup9mm x1kky2od\"><img decoding=\"async\" class=\"xz74otr\" src=\"https:\/\/static.xx.fbcdn.net\/images\/emoji.php\/v9\/tde\/1\/16\/1f43e.png\" alt=\"\ud83d\udc3e\" width=\"16\" height=\"16\" \/><\/span>Dubov\u00e9 prk\u00e9nko s \u010derven\u00fdmi tlapkami <span class=\"html-span xexx8yu x4uap5 x18d9i69 xkhd6sd x1hl2dhg x16tdsg8 x1vvkbs x3nfvp2 x1j61x8r x1fcty0u xdj266r xat24cr xgzva0m xhhsvwb xxymvpz xlup9mm x1kky2od\"><img decoding=\"async\" class=\"xz74otr\" src=\"https:\/\/static.xx.fbcdn.net\/images\/emoji.php\/v9\/t6a\/1\/16\/1f497.png\" alt=\"\ud83d\udc97\" width=\"16\" height=\"16\" \/><\/span><\/div>\n<div dir=\"auto\">Rozm\u011br: 60x26x2cm<\/div>\n","protected":false},"excerpt":{"rendered":"<p>Dubov\u00e9 prk\u00e9nko s \u010derven\u00fdmi tlapkami Rozm\u011br: 60x26x2cm<\/p>\n","protected":false},"featured_media":2413,"comment_status":"open","ping_status":"closed","template":"","meta":[],"product_brand":[],"product_cat":[46,48],"product_tag":[],"class_list":{"0":"post-2412","1":"product","2":"type-product","3":"status-publish","4":"has-post-thumbnail","6":"product_cat-prkenka","7":"product_cat-pryskyrice","9":"first","10":"instock","11":"sale","12":"shipping-taxable","13":"purchasable","14":"product-type-simple"},"jetpack_sharing_enabled":true,"_links":{"self":[{"href":"https:\/\/www.drevo-prkenka.cz\/index.php?rest_route=\/wp\/v2\/product\/2412","targetHints":{"allow":["GET"]}}],"collection":[{"href":"https:\/\/www.drevo-prkenka.cz\/index.php?rest_route=\/wp\/v2\/product"}],"about":[{"href":"https:\/\/www.drevo-prkenka.cz\/index.php?rest_route=\/wp\/v2\/types\/product"}],"replies":[{"embeddable":true,"href":"https:\/\/www.drevo-prkenka.cz\/index.php?rest_route=%2Fwp%2Fv2%2Fcomments&post=2412"}],"wp:featuredmedia":[{"embeddable":true,"href":"https:\/\/www.drevo-prkenka.cz\/index.php?rest_route=\/wp\/v2\/media\/2413"}],"wp:attachment":[{"href":"https:\/\/www.drevo-prkenka.cz\/index.php?rest_route=%2Fwp%2Fv2%2Fmedia&parent=2412"}],"wp:term":[{"taxonomy":"product_brand","embeddable":true,"href":"https:\/\/www.drevo-prkenka.cz\/index.php?rest_route=%2Fwp%2Fv2%2Fproduct_brand&post=2412"},{"taxonomy":"product_cat","embeddable":true,"href":"https:\/\/www.drevo-prkenka.cz\/index.php?rest_route=%2Fwp%2Fv2%2Fproduct_cat&post=2412"},{"taxonomy":"product_tag","embeddable":true,"href":"https:\/\/www.drevo-prkenka.cz\/index.php?rest_route=%2Fwp%2Fv2%2Fproduct_tag&post=2412"}],"curies":[{"name":"wp","href":"https:\/\/api.w.org\/{rel}","templated":true}]}}