{"id":2394,"date":"2024-12-13T18:12:54","date_gmt":"2024-12-13T17:12:54","guid":{"rendered":"https:\/\/www.drevo-prkenka.cz\/?post_type=product&#038;p=2394"},"modified":"2026-03-23T12:10:06","modified_gmt":"2026-03-23T11:10:06","slug":"srdickove-prkenko-7","status":"publish","type":"product","link":"https:\/\/www.drevo-prkenka.cz\/?product=srdickove-prkenko-7","title":{"rendered":"Srd\u00ed\u010dkov\u00e9 prk\u00e9nko"},"content":{"rendered":"<p>Srd\u00ed\u010dkov\u00e9 prk\u00e9nko z \u010dern\u00e9ho o\u0159echu<\/p>\n<p>Rozm\u011br: 60x21x2,5cm<\/p>\n<p>O\u0161et\u0159eno kvalitn\u00edm OSMO olejem ur\u010den\u00fdm pro styk s potravinami.<\/p>\n<p>Vhodn\u00e9 jak na kr\u00e1jen\u00ed, tak na serv\u00edrov\u00e1n\u00ed j\u00eddla nebo jen jako dekorace.<\/p>\n","protected":false},"excerpt":{"rendered":"<p>Srd\u00ed\u010dkov\u00e9 prk\u00e9nko z \u010dern\u00e9ho o\u0159echu Rozm\u011br: 60x21x2,5cm O\u0161et\u0159eno kvalitn\u00edm OSMO olejem ur\u010den\u00fdm pro styk s potravinami. Vhodn\u00e9 jak na kr\u00e1jen\u00ed, tak na serv\u00edrov\u00e1n\u00ed j\u00eddla nebo jen jako dekorace.<\/p>\n","protected":false},"featured_media":3044,"comment_status":"open","ping_status":"closed","template":"","meta":[],"product_brand":[],"product_cat":[46],"product_tag":[],"class_list":{"0":"post-2394","1":"product","2":"type-product","3":"status-publish","4":"has-post-thumbnail","6":"product_cat-prkenka","8":"first","9":"instock","10":"sale","11":"shipping-taxable","12":"purchasable","13":"product-type-simple"},"jetpack_sharing_enabled":true,"_links":{"self":[{"href":"https:\/\/www.drevo-prkenka.cz\/index.php?rest_route=\/wp\/v2\/product\/2394","targetHints":{"allow":["GET"]}}],"collection":[{"href":"https:\/\/www.drevo-prkenka.cz\/index.php?rest_route=\/wp\/v2\/product"}],"about":[{"href":"https:\/\/www.drevo-prkenka.cz\/index.php?rest_route=\/wp\/v2\/types\/product"}],"replies":[{"embeddable":true,"href":"https:\/\/www.drevo-prkenka.cz\/index.php?rest_route=%2Fwp%2Fv2%2Fcomments&post=2394"}],"wp:featuredmedia":[{"embeddable":true,"href":"https:\/\/www.drevo-prkenka.cz\/index.php?rest_route=\/wp\/v2\/media\/3044"}],"wp:attachment":[{"href":"https:\/\/www.drevo-prkenka.cz\/index.php?rest_route=%2Fwp%2Fv2%2Fmedia&parent=2394"}],"wp:term":[{"taxonomy":"product_brand","embeddable":true,"href":"https:\/\/www.drevo-prkenka.cz\/index.php?rest_route=%2Fwp%2Fv2%2Fproduct_brand&post=2394"},{"taxonomy":"product_cat","embeddable":true,"href":"https:\/\/www.drevo-prkenka.cz\/index.php?rest_route=%2Fwp%2Fv2%2Fproduct_cat&post=2394"},{"taxonomy":"product_tag","embeddable":true,"href":"https:\/\/www.drevo-prkenka.cz\/index.php?rest_route=%2Fwp%2Fv2%2Fproduct_tag&post=2394"}],"curies":[{"name":"wp","href":"https:\/\/api.w.org\/{rel}","templated":true}]}}