{"id":2374,"date":"2024-12-09T21:18:09","date_gmt":"2024-12-09T20:18:09","guid":{"rendered":"https:\/\/www.drevo-prkenka.cz\/?post_type=product&#038;p=2374"},"modified":"2025-09-10T01:17:11","modified_gmt":"2025-09-09T23:17:11","slug":"dubovy-tac-prkenko","status":"publish","type":"product","link":"https:\/\/www.drevo-prkenka.cz\/?product=dubovy-tac-prkenko","title":{"rendered":"Dubov\u00fd t\u00e1c\/ prk\u00e9nko"},"content":{"rendered":"<p>Velk\u00e9 grilovac\u00ed prkno\/t\u00e1c<\/p>\n<p>O\u0161et\u0159eno kvalitn\u00edm OSMO olejem, kter\u00fd je ur\u010den pro styk s potravinami<\/p>\n<p>Na na\u0161em krasavci bude grilov\u00e1n\u00ed je\u0161t\u011b o level v\u00fd\u0161 \ud83d\ude42<\/p>\n<p>Pod\u00e9l cel\u00e9ho prkna je vyfr\u00e9zovan\u00e1 dr\u00e1\u017eka na \u0161\u0165\u00e1vu z masa, tak\u017ee v\u00e1m nebude nikde vyt\u00e9kat<\/p>\n<p>Rozm\u011br: 60x27x2cm<\/p>\n<p>&nbsp;<\/p>\n","protected":false},"excerpt":{"rendered":"<p>Velk\u00e9 grilovac\u00ed prkno\/t\u00e1c O\u0161et\u0159eno kvalitn\u00edm OSMO olejem, kter\u00fd je ur\u010den pro styk s potravinami Na na\u0161em krasavci bude grilov\u00e1n\u00ed je\u0161t\u011b o level v\u00fd\u0161 \ud83d\ude42 Pod\u00e9l cel\u00e9ho prkna je vyfr\u00e9zovan\u00e1 dr\u00e1\u017eka na \u0161\u0165\u00e1vu z masa, tak\u017ee v\u00e1m nebude nikde vyt\u00e9kat Rozm\u011br: 60x27x2cm &nbsp;<\/p>\n","protected":false},"featured_media":2375,"comment_status":"open","ping_status":"closed","template":"","meta":[],"product_brand":[],"product_cat":[47],"product_tag":[],"class_list":{"0":"post-2374","1":"product","2":"type-product","3":"status-publish","4":"has-post-thumbnail","6":"product_cat-tacy","8":"first","9":"instock","10":"sale","11":"shipping-taxable","12":"purchasable","13":"product-type-simple"},"jetpack_sharing_enabled":true,"_links":{"self":[{"href":"https:\/\/www.drevo-prkenka.cz\/index.php?rest_route=\/wp\/v2\/product\/2374","targetHints":{"allow":["GET"]}}],"collection":[{"href":"https:\/\/www.drevo-prkenka.cz\/index.php?rest_route=\/wp\/v2\/product"}],"about":[{"href":"https:\/\/www.drevo-prkenka.cz\/index.php?rest_route=\/wp\/v2\/types\/product"}],"replies":[{"embeddable":true,"href":"https:\/\/www.drevo-prkenka.cz\/index.php?rest_route=%2Fwp%2Fv2%2Fcomments&post=2374"}],"wp:featuredmedia":[{"embeddable":true,"href":"https:\/\/www.drevo-prkenka.cz\/index.php?rest_route=\/wp\/v2\/media\/2375"}],"wp:attachment":[{"href":"https:\/\/www.drevo-prkenka.cz\/index.php?rest_route=%2Fwp%2Fv2%2Fmedia&parent=2374"}],"wp:term":[{"taxonomy":"product_brand","embeddable":true,"href":"https:\/\/www.drevo-prkenka.cz\/index.php?rest_route=%2Fwp%2Fv2%2Fproduct_brand&post=2374"},{"taxonomy":"product_cat","embeddable":true,"href":"https:\/\/www.drevo-prkenka.cz\/index.php?rest_route=%2Fwp%2Fv2%2Fproduct_cat&post=2374"},{"taxonomy":"product_tag","embeddable":true,"href":"https:\/\/www.drevo-prkenka.cz\/index.php?rest_route=%2Fwp%2Fv2%2Fproduct_tag&post=2374"}],"curies":[{"name":"wp","href":"https:\/\/api.w.org\/{rel}","templated":true}]}}